{"id":23,"date":"2021-04-27T21:43:50","date_gmt":"2021-04-27T19:43:50","guid":{"rendered":"https:\/\/almoconsult.de\/?page_id=23"},"modified":"2022-11-18T08:44:01","modified_gmt":"2022-11-18T07:44:01","slug":"impressum","status":"publish","type":"page","link":"https:\/\/almoconsult.de\/?page_id=23","title":{"rendered":"Impressum"},"content":{"rendered":"\n<h2 class=\"wp-block-heading\">B\u00fcroadresse<\/h2>\n\n\n\n<div class=\"wp-block-columns is-layout-flex wp-container-core-columns-is-layout-28f84493 wp-block-columns-is-layout-flex\">\n<div class=\"wp-block-column is-layout-flow wp-block-column-is-layout-flow\" style=\"flex-basis:33%\">\n<h3 class=\"wp-block-heading\">Almo Consult GmbH<\/h3>\n\n\n\n<p>Weiern 167<br>52078 Aachen<br>Deutschland<br>Telefon: +49 (0)241 90075-210<\/p>\n\n\n\n<h3 class=\"wp-block-heading\">Gesch\u00e4ftsf\u00fchrung<\/h3>\n\n\n\n<p>Dipl.-Math. Nicole Kirschfink<\/p>\n<\/div>\n\n\n\n<div class=\"wp-block-column is-layout-flow wp-block-column-is-layout-flow\" style=\"flex-basis:33%\">\n<h3 class=\"wp-block-heading\">Handelsregister<\/h3>\n\n\n\n<p>Amtsgericht Aachen HRB 23204<\/p>\n\n\n\n<h3 class=\"wp-block-heading\">Umsatzsteuer-ID<\/h3>\n\n\n\n<p>DE 250 388 527<\/p>\n<\/div>\n<\/div>\n\n\n\n<p>\u00a9 Copyright 2021 \u2013 Urheberrechtshinweis<br>Alle Inhalte dieses Internetangebots der Almo Consult GmbH, insbesondere Texte und Grafiken, sind urheberrechtlich gesch\u00fctzt. Das Urheberrecht liegt, soweit nicht ausdr\u00fccklich anders gekennzeichnet, bei der Almo Consult GmbH. Bitte fragen Sie uns \u00fcber unsere Kontaktseite, falls Sie die Inhalte dieses Internetangebotes verwenden m\u00f6chten.<br>Fotos: \u00a9 Daniel Zobel<\/p>\n","protected":false},"excerpt":{"rendered":"<p>B\u00fcroadresse Almo Consult GmbH Weiern 16752078 AachenDeutschlandTelefon: +49 (0)241 90075-210 Gesch\u00e4ftsf\u00fchrung Dipl.-Math. Nicole Kirschfink Handelsregister Amtsgericht Aachen HRB 23204 Umsatzsteuer-ID DE 250 388 527 \u00a9 Copyright 2021 \u2013 UrheberrechtshinweisAlle Inhalte dieses Internetangebots der Almo Consult GmbH, insbesondere Texte und Grafiken, sind urheberrechtlich gesch\u00fctzt. Das Urheberrecht liegt, soweit nicht ausdr\u00fccklich anders gekennzeichnet, bei der Almo Consult &hellip;<\/p>\n<p class=\"read-more\"> <a class=\"\" href=\"https:\/\/almoconsult.de\/?page_id=23\"> <span class=\"screen-reader-text\">Impressum<\/span> Weiterlesen &raquo;<\/a><\/p>\n","protected":false},"author":1,"featured_media":0,"parent":0,"menu_order":0,"comment_status":"closed","ping_status":"closed","template":"","meta":{"_uag_custom_page_level_css":"","site-sidebar-layout":"default","site-content-layout":"default","ast-global-header-display":"","ast-banner-title-visibility":"","ast-main-header-display":"","ast-hfb-above-header-display":"","ast-hfb-below-header-display":"","ast-hfb-mobile-header-display":"","site-post-title":"","ast-breadcrumbs-content":"","ast-featured-img":"","footer-sml-layout":"","theme-transparent-header-meta":"default","adv-header-id-meta":"","stick-header-meta":"","header-above-stick-meta":"","header-main-stick-meta":"","header-below-stick-meta":"","footnotes":""},"class_list":["post-23","page","type-page","status-publish","hentry"],"yoast_head":"<!-- This site is optimized with the Yoast SEO plugin v20.11 - https:\/\/yoast.com\/wordpress\/plugins\/seo\/ -->\n<title>Impressum - Almo Consult GmbH<\/title>\n<meta name=\"robots\" content=\"index, follow, max-snippet:-1, max-image-preview:large, max-video-preview:-1\" \/>\n<link rel=\"canonical\" href=\"https:\/\/almoconsult.de\/?page_id=23\" \/>\n<meta property=\"og:locale\" content=\"de_DE\" \/>\n<meta property=\"og:type\" content=\"article\" \/>\n<meta property=\"og:title\" content=\"Impressum - Almo Consult GmbH\" \/>\n<meta property=\"og:description\" content=\"B\u00fcroadresse Almo Consult GmbH Weiern 16752078 AachenDeutschlandTelefon: +49 (0)241 90075-210 Gesch\u00e4ftsf\u00fchrung Dipl.-Math. Nicole Kirschfink Handelsregister Amtsgericht Aachen HRB 23204 Umsatzsteuer-ID DE 250 388 527 \u00a9 Copyright 2021 \u2013 UrheberrechtshinweisAlle Inhalte dieses Internetangebots der Almo Consult GmbH, insbesondere Texte und Grafiken, sind urheberrechtlich gesch\u00fctzt. Das Urheberrecht liegt, soweit nicht ausdr\u00fccklich anders gekennzeichnet, bei der Almo Consult &hellip; Impressum Weiterlesen &raquo;\" \/>\n<meta property=\"og:url\" content=\"https:\/\/almoconsult.de\/?page_id=23\" \/>\n<meta property=\"og:site_name\" content=\"Almo Consult GmbH\" \/>\n<meta property=\"article:modified_time\" content=\"2022-11-18T07:44:01+00:00\" \/>\n<meta name=\"twitter:card\" content=\"summary_large_image\" \/>\n<meta name=\"twitter:label1\" content=\"Gesch\u00e4tzte Lesezeit\" \/>\n\t<meta name=\"twitter:data1\" content=\"1\u00a0Minute\" \/>\n<script type=\"application\/ld+json\" class=\"yoast-schema-graph\">{\"@context\":\"https:\/\/schema.org\",\"@graph\":[{\"@type\":\"WebPage\",\"@id\":\"https:\/\/almoconsult.de\/?page_id=23\",\"url\":\"https:\/\/almoconsult.de\/?page_id=23\",\"name\":\"Impressum - Almo Consult GmbH\",\"isPartOf\":{\"@id\":\"https:\/\/almoconsult.de\/#website\"},\"datePublished\":\"2021-04-27T19:43:50+00:00\",\"dateModified\":\"2022-11-18T07:44:01+00:00\",\"breadcrumb\":{\"@id\":\"https:\/\/almoconsult.de\/?page_id=23#breadcrumb\"},\"inLanguage\":\"de\",\"potentialAction\":[{\"@type\":\"ReadAction\",\"target\":[\"https:\/\/almoconsult.de\/?page_id=23\"]}]},{\"@type\":\"BreadcrumbList\",\"@id\":\"https:\/\/almoconsult.de\/?page_id=23#breadcrumb\",\"itemListElement\":[{\"@type\":\"ListItem\",\"position\":1,\"name\":\"Home\",\"item\":\"https:\/\/almoconsult.de\/\"},{\"@type\":\"ListItem\",\"position\":2,\"name\":\"Impressum\"}]},{\"@type\":\"WebSite\",\"@id\":\"https:\/\/almoconsult.de\/#website\",\"url\":\"https:\/\/almoconsult.de\/\",\"name\":\"Almo Consult GmbH\",\"description\":\"all ways in motion\",\"publisher\":{\"@id\":\"https:\/\/almoconsult.de\/#organization\"},\"potentialAction\":[{\"@type\":\"SearchAction\",\"target\":{\"@type\":\"EntryPoint\",\"urlTemplate\":\"https:\/\/almoconsult.de\/?s={search_term_string}\"},\"query-input\":\"required name=search_term_string\"}],\"inLanguage\":\"de\"},{\"@type\":\"Organization\",\"@id\":\"https:\/\/almoconsult.de\/#organization\",\"name\":\"Almo Consult GmbH\",\"url\":\"https:\/\/almoconsult.de\/\",\"logo\":{\"@type\":\"ImageObject\",\"inLanguage\":\"de\",\"@id\":\"https:\/\/almoconsult.de\/#\/schema\/logo\/image\/\",\"url\":\"http:\/\/192.168.114.5\/almo\/wp-content\/uploads\/2021\/05\/Almo_Logo.png\",\"contentUrl\":\"http:\/\/192.168.114.5\/almo\/wp-content\/uploads\/2021\/05\/Almo_Logo.png\",\"width\":519,\"height\":461,\"caption\":\"Almo Consult GmbH\"},\"image\":{\"@id\":\"https:\/\/almoconsult.de\/#\/schema\/logo\/image\/\"}}]}<\/script>\n<!-- \/ Yoast SEO plugin. -->","yoast_head_json":{"title":"Impressum - Almo Consult GmbH","robots":{"index":"index","follow":"follow","max-snippet":"max-snippet:-1","max-image-preview":"max-image-preview:large","max-video-preview":"max-video-preview:-1"},"canonical":"https:\/\/almoconsult.de\/?page_id=23","og_locale":"de_DE","og_type":"article","og_title":"Impressum - Almo Consult GmbH","og_description":"B\u00fcroadresse Almo Consult GmbH Weiern 16752078 AachenDeutschlandTelefon: +49 (0)241 90075-210 Gesch\u00e4ftsf\u00fchrung Dipl.-Math. Nicole Kirschfink Handelsregister Amtsgericht Aachen HRB 23204 Umsatzsteuer-ID DE 250 388 527 \u00a9 Copyright 2021 \u2013 UrheberrechtshinweisAlle Inhalte dieses Internetangebots der Almo Consult GmbH, insbesondere Texte und Grafiken, sind urheberrechtlich gesch\u00fctzt. Das Urheberrecht liegt, soweit nicht ausdr\u00fccklich anders gekennzeichnet, bei der Almo Consult &hellip; Impressum Weiterlesen &raquo;","og_url":"https:\/\/almoconsult.de\/?page_id=23","og_site_name":"Almo Consult GmbH","article_modified_time":"2022-11-18T07:44:01+00:00","twitter_card":"summary_large_image","twitter_misc":{"Gesch\u00e4tzte Lesezeit":"1\u00a0Minute"},"schema":{"@context":"https:\/\/schema.org","@graph":[{"@type":"WebPage","@id":"https:\/\/almoconsult.de\/?page_id=23","url":"https:\/\/almoconsult.de\/?page_id=23","name":"Impressum - Almo Consult GmbH","isPartOf":{"@id":"https:\/\/almoconsult.de\/#website"},"datePublished":"2021-04-27T19:43:50+00:00","dateModified":"2022-11-18T07:44:01+00:00","breadcrumb":{"@id":"https:\/\/almoconsult.de\/?page_id=23#breadcrumb"},"inLanguage":"de","potentialAction":[{"@type":"ReadAction","target":["https:\/\/almoconsult.de\/?page_id=23"]}]},{"@type":"BreadcrumbList","@id":"https:\/\/almoconsult.de\/?page_id=23#breadcrumb","itemListElement":[{"@type":"ListItem","position":1,"name":"Home","item":"https:\/\/almoconsult.de\/"},{"@type":"ListItem","position":2,"name":"Impressum"}]},{"@type":"WebSite","@id":"https:\/\/almoconsult.de\/#website","url":"https:\/\/almoconsult.de\/","name":"Almo Consult GmbH","description":"all ways in motion","publisher":{"@id":"https:\/\/almoconsult.de\/#organization"},"potentialAction":[{"@type":"SearchAction","target":{"@type":"EntryPoint","urlTemplate":"https:\/\/almoconsult.de\/?s={search_term_string}"},"query-input":"required name=search_term_string"}],"inLanguage":"de"},{"@type":"Organization","@id":"https:\/\/almoconsult.de\/#organization","name":"Almo Consult GmbH","url":"https:\/\/almoconsult.de\/","logo":{"@type":"ImageObject","inLanguage":"de","@id":"https:\/\/almoconsult.de\/#\/schema\/logo\/image\/","url":"http:\/\/192.168.114.5\/almo\/wp-content\/uploads\/2021\/05\/Almo_Logo.png","contentUrl":"http:\/\/192.168.114.5\/almo\/wp-content\/uploads\/2021\/05\/Almo_Logo.png","width":519,"height":461,"caption":"Almo Consult GmbH"},"image":{"@id":"https:\/\/almoconsult.de\/#\/schema\/logo\/image\/"}}]}},"uagb_featured_image_src":{"full":false,"thumbnail":false,"medium":false,"medium_large":false,"large":false,"1536x1536":false,"2048x2048":false},"uagb_author_info":{"display_name":"almo","author_link":"https:\/\/almoconsult.de\/?author=1"},"uagb_comment_info":0,"uagb_excerpt":"B\u00fcroadresse Almo Consult GmbH Weiern 16752078 AachenDeutschlandTelefon: +49 (0)241 90075-210 Gesch\u00e4ftsf\u00fchrung Dipl.-Math. Nicole Kirschfink Handelsregister Amtsgericht Aachen HRB 23204 Umsatzsteuer-ID DE 250 388 527 \u00a9 Copyright 2021 \u2013 UrheberrechtshinweisAlle Inhalte dieses Internetangebots der Almo Consult GmbH, insbesondere Texte und Grafiken, sind urheberrechtlich gesch\u00fctzt. Das Urheberrecht liegt, soweit nicht ausdr\u00fccklich anders gekennzeichnet, bei der Almo Consult&hellip;","_links":{"self":[{"href":"https:\/\/almoconsult.de\/index.php?rest_route=\/wp\/v2\/pages\/23","targetHints":{"allow":["GET"]}}],"collection":[{"href":"https:\/\/almoconsult.de\/index.php?rest_route=\/wp\/v2\/pages"}],"about":[{"href":"https:\/\/almoconsult.de\/index.php?rest_route=\/wp\/v2\/types\/page"}],"author":[{"embeddable":true,"href":"https:\/\/almoconsult.de\/index.php?rest_route=\/wp\/v2\/users\/1"}],"replies":[{"embeddable":true,"href":"https:\/\/almoconsult.de\/index.php?rest_route=%2Fwp%2Fv2%2Fcomments&post=23"}],"version-history":[{"count":7,"href":"https:\/\/almoconsult.de\/index.php?rest_route=\/wp\/v2\/pages\/23\/revisions"}],"predecessor-version":[{"id":935,"href":"https:\/\/almoconsult.de\/index.php?rest_route=\/wp\/v2\/pages\/23\/revisions\/935"}],"wp:attachment":[{"href":"https:\/\/almoconsult.de\/index.php?rest_route=%2Fwp%2Fv2%2Fmedia&parent=23"}],"curies":[{"name":"wp","href":"https:\/\/api.w.org\/{rel}","templated":true}]}}